{"id":692,"date":"2021-09-06T09:30:17","date_gmt":"2021-09-06T09:30:17","guid":{"rendered":"https:\/\/auventsmultiples.wp.vortexdev.com\/?post_type=product&#038;p=692"},"modified":"2023-10-09T11:18:16","modified_gmt":"2023-10-09T15:18:16","slug":"abris-hiver-temporaires","status":"publish","type":"product","link":"https:\/\/auventsmultiples.wp.vortexdev.com\/en\/products\/abris-hiver-temporaires\/","title":{"rendered":"Abris d&#8217;auto"},"content":{"rendered":"\n<div class=\"wp-block-columns is-layout-flex wp-container-core-columns-is-layout-9d6595d7 wp-block-columns-is-layout-flex\">\n<div class=\"wp-block-column is-layout-flow wp-block-column-is-layout-flow\"><section class=\"custom-list-block theme-block aligndefault\">\n      <div class=\"custom-list__text-section\">\n              <h4>Affrontez l\u2019hiver en toute qui\u00e9tude<\/h4>\n                    <p>\u00c9pargnez-vous les s\u00e9ances de d\u00e9neigement de l\u2019entr\u00e9e et de la voiture, gr\u00e2ce \u00e0 nos abris temporaires. Ceux-ci facilitent l\u2019acc\u00e8s \u00e0 l\u2019ext\u00e9rieur et permettent un d\u00e9part rapide et s\u00fbr, lorsque vous partez pour la journ\u00e9e.<\/p>\n          <\/div>\n        <ul class=\"custom-list\">\n              <li class=\"custom-list__row\">\n          <p>Optez pour une solution r\u00e9sistante et durable\u00a0: les toiles sont imperm\u00e9ables et trait\u00e9es contre les rayons UV<\/p>\n        <\/li>\n              <li class=\"custom-list__row\">\n          <p>Installez votre abri pour l\u2019hiver et d\u00e9montez-le facilement une fois la saison termin\u00e9e<\/p>\n        <\/li>\n              <li class=\"custom-list__row\">\n          <p>Rangez une fois pour toute votre souffleuse et gagnez du temps lorsque vous souhaitez sortir<\/p>\n        <\/li>\n          <\/ul>\n  <\/section>\n<\/div>\n<\/div>\n\n\n\n<h2 class=\"wp-block-heading has-text-align-center\">Un <strong>ajout essentiel<\/strong> d\u00e8s les premiers flocons<\/h2>\n\n\n\n<div style=\"height:40px\" aria-hidden=\"true\" class=\"wp-block-spacer\"><\/div>\n\n\n\n<div class=\"wp-block-columns is-layout-flex wp-container-core-columns-is-layout-9d6595d7 wp-block-columns-is-layout-flex\">\n<div class=\"wp-block-column is-layout-flow wp-block-column-is-layout-flow\">\n<div class=\"wp-block-media-text alignwide has-media-on-the-right is-stacked-on-mobile is-vertically-aligned-top\" style=\"grid-template-columns:auto 35%\"><div class=\"wp-block-media-text__content\">\n<h3 class=\"wp-block-heading\"><strong>Abri d\u2019auto simple<\/strong><\/h3>\n\n\n\n<div style=\"height:20px\" aria-hidden=\"true\" class=\"wp-block-spacer\"><\/div>\n\n\n\n<p>Sortez&nbsp;de votre entr\u00e9e de garage en quelques&nbsp;secondes, en optant pour un&nbsp;abri d\u2019auto simple. Con\u00e7u&nbsp;pour prot\u00e9ger une voiture, un camion ou un VTT contre la pluie, la neige et le vent,&nbsp;il&nbsp;poss\u00e8de&nbsp;4 fen\u00eatres pour vous donner une&nbsp;meilleure&nbsp;visibilit\u00e9.<\/p>\n\n\n\n<ul class=\"wp-block-list\">\n<li>Hauteur libre&nbsp;: 6&#8242; 6&#8243;<\/li>\n\n\n\n<li>Syst\u00e8me \u00e0 courroies<\/li>\n\n\n\n<li>Acier galvanis\u00e9 1 1\/4\u2019\u2019 calibres 17 et 18<\/li>\n\n\n\n<li>Toile poly\u00e9thyl\u00e8ne blanche UV, 220 grammes (7 onces)<\/li>\n<\/ul>\n\n\n\n<div style=\"height:20px\" aria-hidden=\"true\" class=\"wp-block-spacer\"><\/div>\n\n\n\n<p><strong>Dimensions disponibles<\/strong><\/p>\n\n\n\n<table class=\"table-desktop\">\n<tbody>\n<tr style=\"background-color: #f4f2f0; text-align: center;\">\n<td>11\u2019x12\u2019<\/td>\n<td>11\u2019x16\u2019<\/td>\n<td>11\u2019x20\u2019 *<\/td>\n<td>11\u2019x24\u2019<\/td>\n<td>11\u2019x28\u2019<\/td>\n<td>11\u2019x32\u2019<\/td>\n<\/tr>\n<tr style=\"text-align: center;\">\n<td>430 $<\/td>\n<td>500 $<\/td>\n<td>520 $<\/td>\n<td>690 $<\/td>\n<td>700 $<\/td>\n<td>800 $<\/td>\n<\/tr>\n<\/tbody>\n<\/table>\n<table class=\"table-mobile\">\n<tbody style=\"text-align: center;\">\n<tr>\n<td style=\"background-color: #f4f2f0;\">11\u2019x12\u2019<\/td>\n<td>430 $<\/td>\n<\/tr>\n<tr>\n<td style=\"background-color: #f4f2f0;\">11\u2019x16\u2019<\/td>\n<td>500 $<\/td>\n<\/tr>\n<tr>\n<td style=\"background-color: #f4f2f0;\">11\u2019x20\u2019 *<\/td>\n<td>520 $<\/td>\n<\/tr>\n<tr>\n<td style=\"background-color: #f4f2f0;\">11\u2019x24\u2019<\/td>\n<td>690 $<\/td>\n<\/tr>\n<tr>\n<td style=\"background-color: #f4f2f0;\">11\u2019x28\u2019<\/td>\n<td>700 $<\/td>\n<\/tr>\n<tr>\n<td style=\"background-color: #f4f2f0;\">11\u2019x32\u2019<\/td>\n<td>800 $<\/td>\n<\/tr>\n<\/tbody>\n<\/table>\n<\/div><figure class=\"wp-block-media-text__media\"><img loading=\"lazy\" decoding=\"async\" width=\"1024\" height=\"604\" src=\"https:\/\/auventsmultiples.wp.vortexdev.com\/wp-content\/uploads\/2021\/09\/auvents-multiples-abris-temporaires-header-1024x604.jpg\" alt=\"\" class=\"wp-image-1168 size-full\" srcset=\"https:\/\/auventsmultiples.wp.vortexdev.com\/wp-content\/uploads\/2021\/09\/auvents-multiples-abris-temporaires-header-1024x604.jpg 1024w, https:\/\/auventsmultiples.wp.vortexdev.com\/wp-content\/uploads\/2021\/09\/auvents-multiples-abris-temporaires-header-300x177.jpg 300w, https:\/\/auventsmultiples.wp.vortexdev.com\/wp-content\/uploads\/2021\/09\/auvents-multiples-abris-temporaires-header-768x453.jpg 768w, https:\/\/auventsmultiples.wp.vortexdev.com\/wp-content\/uploads\/2021\/09\/auvents-multiples-abris-temporaires-header-1536x906.jpg 1536w, https:\/\/auventsmultiples.wp.vortexdev.com\/wp-content\/uploads\/2021\/09\/auvents-multiples-abris-temporaires-header.jpg 1824w\" sizes=\"auto, (max-width: 1024px) 100vw, 1024px\" \/><\/figure><\/div>\n\n\n\n<div style=\"height:80px\" aria-hidden=\"true\" class=\"wp-block-spacer\"><\/div>\n\n\n\n<div class=\"wp-block-media-text alignwide is-stacked-on-mobile is-vertically-aligned-top\" style=\"grid-template-columns:35% auto\"><figure class=\"wp-block-media-text__media\"><img loading=\"lazy\" decoding=\"async\" width=\"1024\" height=\"759\" src=\"http:\/\/auventsmultiples.wp.vortexdev.com\/wp-content\/uploads\/2021\/09\/auvents-multiples-abri-auto-double-2@2x-1024x759.jpg\" alt=\"Abri d\u2019auto double\" class=\"wp-image-1269 size-full\" srcset=\"https:\/\/auventsmultiples.wp.vortexdev.com\/wp-content\/uploads\/2021\/09\/auvents-multiples-abri-auto-double-2@2x-1024x759.jpg 1024w, https:\/\/auventsmultiples.wp.vortexdev.com\/wp-content\/uploads\/2021\/09\/auvents-multiples-abri-auto-double-2@2x-300x222.jpg 300w, https:\/\/auventsmultiples.wp.vortexdev.com\/wp-content\/uploads\/2021\/09\/auvents-multiples-abri-auto-double-2@2x-768x569.jpg 768w, https:\/\/auventsmultiples.wp.vortexdev.com\/wp-content\/uploads\/2021\/09\/auvents-multiples-abri-auto-double-2@2x.jpg 1080w\" sizes=\"auto, (max-width: 1024px) 100vw, 1024px\" \/><\/figure><div class=\"wp-block-media-text__content\">\n<h3 class=\"wp-block-heading\"><strong>Abri d\u2019auto double<\/strong><\/h3>\n\n\n\n<div style=\"height:20px\" aria-hidden=\"true\" class=\"wp-block-spacer\"><\/div>\n\n\n\n<p>Prot\u00e9gez deux v\u00e9hicules des intemp\u00e9ries hivernales, telles que la pluie, la neige, le verglas&nbsp;et le vent,&nbsp;avec un abri d\u2019auto double.&nbsp;La toile est munie de 4 fen\u00eatres pour assurer une&nbsp;visibilit\u00e9 optimale&nbsp;de l\u2019int\u00e9rieur&nbsp;comme de l\u2019ext\u00e9rieur.<\/p>\n\n\n\n<ul class=\"wp-block-list\">\n<li>Hauteur libre&nbsp;: 8&#8242;<\/li>\n\n\n\n<li>Syst\u00e8me \u00e0 courroies<\/li>\n\n\n\n<li>Acier galvanis\u00e9 1 7\/8\u2019\u2019 x 2 3\/4\u2019\u2019 \u2013 calibres 16 et 18<\/li>\n\n\n\n<li>Poly\u00e9thyl\u00e8ne blanche soud\u00e9e &#8211; UV 240 grammes<\/li>\n<\/ul>\n\n\n\n<div style=\"height:20px\" aria-hidden=\"true\" class=\"wp-block-spacer\"><\/div>\n\n\n\n<p><meta charset=\"utf-8\"><strong>Dimensions disponibles<\/strong><\/p>\n\n\n\n<table class=\"table-desktop\">\n<tbody>\n<tr style=\"background-color: #f4f2f0; text-align: center;\">\n<td>16\u2019x20\u2019<\/td>\n<td>18\u2019x20\u2019<\/td>\n<td>\u00a018\u2019x25\u2019<\/td>\n<td>\u00a018\u2019x32\u2019\u00a0<\/td>\n<\/tr>\n<tr style=\"text-align: center;\">\n<td>1110 $<\/td>\n<td>1160 $<\/td>\n<td>1300 $<\/td>\n<td>2160 $<\/td>\n<\/tr>\n<\/tbody>\n<\/table>\n<table class=\"table-mobile\">\n<tbody style=\"text-align: center;\">\n<tr>\n<td style=\"background-color: #f4f2f0;\">16\u2019x20\u2019<\/td>\n<td>1110 $<\/td>\n<\/tr>\n<tr>\n<td style=\"background-color: #f4f2f0;\">18\u2019x20\u2019<\/td>\n<td>1160 $<\/td>\n<\/tr>\n<tr>\n<td style=\"background-color: #f4f2f0;\">18\u2019x25\u2019<\/td>\n<td>1300 $<\/td>\n<\/tr>\n<tr>\n<td style=\"background-color: #f4f2f0;\">18\u2019x32\u2019<\/td>\n<td>2160 $<\/td>\n<\/tr>\n<tr>\n<td style=\"background-color: #f4f2f0;\">18\u2019x35\u2019<\/td>\n<td>1760 $<\/td>\n<\/tr>\n<tr>\n<td style=\"background-color: #f4f2f0;\">20\u2019x20\u2019<\/td>\n<td>1220 $<\/td>\n<\/tr>\n<tr>\n<td style=\"background-color: #f4f2f0;\">20\u2019x25\u2019<\/td>\n<td>1410 $<\/td>\n<\/tr>\n<tr>\n<td style=\"background-color: #f4f2f0;\">25\u2019x20\u2019<\/td>\n<td>1630 $<\/td>\n<\/tr>\n<\/tbody>\n<\/table>\n\n\n\n<div style=\"height:20px\" aria-hidden=\"true\" class=\"wp-block-spacer\"><\/div>\n\n\n\n<table class=\"table-desktop\">\n<tbody>\n<tr style=\"background-color: #f4f2f0; text-align: center;\">\n<td>18\u2019x35\u2019<\/td>\n<td>20\u2019x20\u2019<\/td>\n<td>20\u2019x25\u2019<\/td>\n<td>25\u2019x20\u2019<\/td>\n<\/tr>\n<tr style=\"text-align: center;\">\n<td>1760 $<\/td>\n<td>1220 $<\/td>\n<td>1410 $<\/td>\n<td>1630 $<\/td>\n<\/tr>\n<\/tbody>\n<\/table>\n<\/div><\/div>\n\n\n\n<div style=\"height:80px\" aria-hidden=\"true\" class=\"wp-block-spacer\"><\/div>\n\n\n\n<div class=\"wp-block-media-text alignwide has-media-on-the-right is-stacked-on-mobile is-vertically-aligned-top\" style=\"grid-template-columns:auto 35%\"><div class=\"wp-block-media-text__content\">\n<h3 class=\"wp-block-heading\"><meta charset=\"utf-8\"><strong><meta charset=\"utf-8\"><strong><meta charset=\"utf-8\"><strong>Abri de rangement<\/strong><\/strong><\/strong><\/h3>\n\n\n\n<div style=\"height:20px\" aria-hidden=\"true\" class=\"wp-block-spacer\"><\/div>\n\n\n\n<p>Entreposez votre moto, votre v\u00e9lo,&nbsp;votre souffleuse \u00e0 neige&nbsp;ou m\u00eame votre tondeuse \u00e0 gazon pour l\u2019hiver&nbsp;avec un abri de rangement. Il s\u2019agit d\u2019une alternative pratique pour&nbsp;les personnes&nbsp;qui n\u2019ont pas d\u2019espace de rangement int\u00e9rieur.<\/p>\n\n\n\n<p><meta charset=\"utf-8\"><strong>Dimensions disponibles<\/strong><\/p>\n\n\n\n<table class=\"table-desktop\">\n<tbody>\n<tr style=\"background-color: #f4f2f0; text-align: center;\">\n<td>5\u2019x8\u2019<\/td>\n<td>5\u2019x12\u2019<\/td>\n<td>8\u2019x10\u2019<\/td>\n<\/tr>\n<tr style=\"text-align: center;\">\n<td>240 $<\/td>\n<td>310 $<\/td>\n<td>380 $<\/td>\n<\/tr>\n<\/tbody>\n<\/table>\n<table class=\"table-mobile\">\n<tbody>\n<tr>\n<td style=\"background-color: #f4f2f0;\">5\u2019x8\u2019<\/td>\n<td>240 $<\/td>\n<\/tr>\n<tr>\n<td style=\"background-color: #f4f2f0;\">5\u2019x12\u2019<\/td>\n<td>310 $<\/td>\n<\/tr>\n<tr>\n<td style=\"background-color: #f4f2f0;\">8\u2019x10\u2019<\/td>\n<td>380 $<\/td>\n<\/tr>\n<\/tbody>\n<\/table>\n<\/div><figure class=\"wp-block-media-text__media\"><img loading=\"lazy\" decoding=\"async\" width=\"1024\" height=\"759\" src=\"https:\/\/auventsmultiples.wp.vortexdev.com\/wp-content\/uploads\/2021\/10\/auvents-multiples-abri-rangement@2x-1024x759.jpg\" alt=\"\" class=\"wp-image-1291 size-full\" srcset=\"https:\/\/auventsmultiples.wp.vortexdev.com\/wp-content\/uploads\/2021\/10\/auvents-multiples-abri-rangement@2x-1024x759.jpg 1024w, https:\/\/auventsmultiples.wp.vortexdev.com\/wp-content\/uploads\/2021\/10\/auvents-multiples-abri-rangement@2x-300x222.jpg 300w, https:\/\/auventsmultiples.wp.vortexdev.com\/wp-content\/uploads\/2021\/10\/auvents-multiples-abri-rangement@2x-768x569.jpg 768w, https:\/\/auventsmultiples.wp.vortexdev.com\/wp-content\/uploads\/2021\/10\/auvents-multiples-abri-rangement@2x.jpg 1080w\" sizes=\"auto, (max-width: 1024px) 100vw, 1024px\" \/><\/figure><\/div>\n<\/div>\n<\/div>\n\n\n\n<div style=\"height:80px\" aria-hidden=\"true\" class=\"wp-block-spacer\"><\/div>\n\n\n\n<div class=\"wp-block-columns is-layout-flex wp-container-core-columns-is-layout-9d6595d7 wp-block-columns-is-layout-flex\">\n<div class=\"wp-block-column is-layout-flow wp-block-column-is-layout-flow\">\n<h3 class=\"wp-block-heading\"><meta charset=\"utf-8\"><strong><meta charset=\"utf-8\"><strong>Abri de portique<\/strong><\/strong><\/h3>\n\n\n\n<div style=\"height:20px\" aria-hidden=\"true\" class=\"wp-block-spacer\"><\/div>\n\n\n\n<p>Habillez&nbsp;votre entr\u00e9e&nbsp;d\u2019un abri de portique pour vous tenir&nbsp;au&nbsp;chaud quelques instants&nbsp;de plus,&nbsp;sans avoir peur de glisser sur le perron.&nbsp;La structure&nbsp;\u00e9vite \u00e9galement qu\u2019une bourrasque ne fasse entrer de la neige dans votre domicile.<\/p>\n\n\n\n<p>Dimensions disponibles&nbsp;: 4\u2019x4\u2019&nbsp;(ouverture possible sur 3 c\u00f4t\u00e9s) ou&nbsp;4\u2019x8\u2019<\/p>\n<\/div>\n\n\n\n<div class=\"wp-block-column is-layout-flow wp-block-column-is-layout-flow\">\n<h3 class=\"wp-block-heading\"><meta charset=\"utf-8\"><strong><meta charset=\"utf-8\"><strong><meta charset=\"utf-8\"><strong>Toile de remplacement<\/strong><\/strong><\/strong><\/h3>\n\n\n\n<div style=\"height:20px\" aria-hidden=\"true\" class=\"wp-block-spacer\"><\/div>\n\n\n\n<p>Le passage du temps a peut-\u00eatre endommag\u00e9 la toile de votre abri, mais bonne nouvelle&nbsp;: vous n\u2019avez pas \u00e0 tout remplacer!&nbsp;En effet, il est possible de vous procurer uniquement une toile de remplacement.<\/p>\n\n\n\n<p>Disponible pour tous&nbsp;nos mod\u00e8les&nbsp;d\u2019abris<\/p>\n<\/div>\n<\/div>\n\n\n\n<div style=\"height:40px\" aria-hidden=\"true\" class=\"wp-block-spacer\"><\/div>\n\n\n\n<div class=\"wp-block-columns is-layout-flex wp-container-core-columns-is-layout-9d6595d7 wp-block-columns-is-layout-flex\">\n<div class=\"wp-block-column is-layout-flow wp-block-column-is-layout-flow\"><section class=\"image-galery theme-block container--small\">\n  <\/section>\n<\/div>\n<\/div>\n","protected":false},"featured_media":1274,"parent":0,"menu_order":0,"template":"","class_list":["post-692","product","type-product","status-publish","has-post-thumbnail","hentry"],"acf":[],"_links":{"self":[{"href":"https:\/\/auventsmultiples.wp.vortexdev.com\/en\/wp-json\/wp\/v2\/product\/692","targetHints":{"allow":["GET"]}}],"collection":[{"href":"https:\/\/auventsmultiples.wp.vortexdev.com\/en\/wp-json\/wp\/v2\/product"}],"about":[{"href":"https:\/\/auventsmultiples.wp.vortexdev.com\/en\/wp-json\/wp\/v2\/types\/product"}],"wp:featuredmedia":[{"embeddable":true,"href":"https:\/\/auventsmultiples.wp.vortexdev.com\/en\/wp-json\/wp\/v2\/media\/1274"}],"wp:attachment":[{"href":"https:\/\/auventsmultiples.wp.vortexdev.com\/en\/wp-json\/wp\/v2\/media?parent=692"}],"curies":[{"name":"wp","href":"https:\/\/api.w.org\/{rel}","templated":true}]}}